{"id":2025,"date":"2018-12-03T11:28:26","date_gmt":"2018-12-03T10:28:26","guid":{"rendered":"http:\/\/em-st-thomas.fr\/?page_id=2025"},"modified":"2025-02-11T10:50:14","modified_gmt":"2025-02-11T09:50:14","slug":"projet-detablissement","status":"publish","type":"page","link":"https:\/\/em-st-thomas.fr\/?page_id=2025","title":{"rendered":"Projet d&rsquo;\u00e9tablissement"},"content":{"rendered":"<div id=\"pl-2025\"  class=\"panel-layout\" ><div id=\"pg-2025-0\"  class=\"panel-grid panel-no-style\" ><div id=\"pgc-2025-0-0\"  class=\"panel-grid-cell\" ><div id=\"panel-2025-0-0-0\" class=\"so-panel widget widget_sow-editor panel-first-child panel-last-child\" data-index=\"0\" ><div\n\t\t\t\n\t\t\tclass=\"so-widget-sow-editor so-widget-sow-editor-base\"\n\t\t\t\n\t\t>\n<div class=\"siteorigin-widget-tinymce textwidget\">\n\t<p>Le projet d'\u00e9tablissement 2024-2029 de l'Ecole de Musique St-Thomas est consultable en cliquant sur le fichier ci-dessous.<\/p>\n\n<!-- G\u00e9n\u00e9ration r\u00e9alis\u00e9e avec Document Gallery. Obtenez votre version ici :http:\/\/wordpress.org\/extend\/plugins\/document-gallery -->\n<div id=\"document-gallery-1\" class=\"document-gallery\" data-shortcode='{\"id\":2025,\"include\":\"6019\",\"exclude\":\"\",\"attachment_pg\":false,\"columns\":1,\"descriptions\":false,\"fancy\":true,\"limit\":-1,\"mime_types\":\"application,video,text,audio,image\",\"new_window\":false,\"order\":\"ASC\",\"orderby\":\"post__in\",\"paginate\":true,\"post_status\":\"any\",\"post_type\":\"attachment\",\"relation\":\"AND\",\"skip\":0}' style='--dg-icon-width: 99%'>\n<div class='document-icon-row'>\n   <div class=\"document-icon\">\n      <a href=\"https:\/\/em-st-thomas.fr\/wp-content\/uploads\/2025\/02\/Projet-detablissement-24-29.pdf\" target=\"_self\">\n         <img decoding=\"async\" src=\"https:\/\/em-st-thomas.fr\/wp-content\/uploads\/2025\/02\/Projet-detablissement-24-29-pdf.jpg\" title=\"Projet d&rsquo;etablissement 24-29\" alt=\"Projet d&rsquo;etablissement 24-29\" data-ext=\"pdf\"\/>\n         <span class=\"title\">Projet d&rsquo;etablissement 24-29<\/span>\n      <\/a>\n   <\/div>\n\n<\/div>\n<\/div>\n<\/div>\n<\/div><\/div><\/div><\/div><\/div>","protected":false},"excerpt":{"rendered":"<p>Le projet d&rsquo;\u00e9tablissement 2024-2029 de l&rsquo;Ecole de Musique St-Thomas est consultable en cliquant sur le fichier ci-dessous.<\/p>\n","protected":false},"author":1,"featured_media":0,"parent":0,"menu_order":0,"comment_status":"closed","ping_status":"closed","template":"","meta":{"footnotes":""},"_links":{"self":[{"href":"https:\/\/em-st-thomas.fr\/index.php?rest_route=\/wp\/v2\/pages\/2025"}],"collection":[{"href":"https:\/\/em-st-thomas.fr\/index.php?rest_route=\/wp\/v2\/pages"}],"about":[{"href":"https:\/\/em-st-thomas.fr\/index.php?rest_route=\/wp\/v2\/types\/page"}],"author":[{"embeddable":true,"href":"https:\/\/em-st-thomas.fr\/index.php?rest_route=\/wp\/v2\/users\/1"}],"replies":[{"embeddable":true,"href":"https:\/\/em-st-thomas.fr\/index.php?rest_route=%2Fwp%2Fv2%2Fcomments&post=2025"}],"version-history":[{"count":43,"href":"https:\/\/em-st-thomas.fr\/index.php?rest_route=\/wp\/v2\/pages\/2025\/revisions"}],"predecessor-version":[{"id":6021,"href":"https:\/\/em-st-thomas.fr\/index.php?rest_route=\/wp\/v2\/pages\/2025\/revisions\/6021"}],"wp:attachment":[{"href":"https:\/\/em-st-thomas.fr\/index.php?rest_route=%2Fwp%2Fv2%2Fmedia&parent=2025"}],"curies":[{"name":"wp","href":"https:\/\/api.w.org\/{rel}","templated":true}]}}