{"id":94,"date":"2018-04-26T09:48:24","date_gmt":"2018-04-26T07:48:24","guid":{"rendered":"http:\/\/testecolestthomas2.ddns.net\/wordpress\/?page_id=94"},"modified":"2023-02-09T09:34:07","modified_gmt":"2023-02-09T08:34:07","slug":"soutenir-lecole","status":"publish","type":"page","link":"https:\/\/em-st-thomas.fr\/?page_id=94","title":{"rendered":"Soutenir l&rsquo;\u00e9cole"},"content":{"rendered":"<div id=\"pl-94\"  class=\"panel-layout\" ><div id=\"pg-94-0\"  class=\"panel-grid panel-no-style\" ><div id=\"pgc-94-0-0\"  class=\"panel-grid-cell\" ><div id=\"panel-94-0-0-0\" class=\"so-panel widget widget_sow-editor panel-first-child panel-last-child\" data-index=\"0\" ><div\n\t\t\t\n\t\t\tclass=\"so-widget-sow-editor so-widget-sow-editor-base\"\n\t\t\t\n\t\t><h3 class=\"widget-title\">Pourquoi nous soutenir ?<\/h3>\n<div class=\"siteorigin-widget-tinymce textwidget\">\n\t<div id=\"c287\" class=\"csc-default\">\n<div class=\"contenu\">\n<div class=\"inner\">\n<div class=\"inner2\">\n<div class=\"txtVisu left\">\n<div class=\"blocTxt\">\n<div class=\"csc-textpic-text\">\n<p class=\"bodytext\">Afin de continuer \u00e0 garantir une offre p\u00e9dagogique diversifi\u00e9e et de qualit\u00e9 qui contribue au d\u00e9veloppement des missions d'enseignement de notre \u00e9cole de musique, mais aussi pour d\u00e9velopper l'action culturelle \u00e0 travers de nouveaux partenariats, il est important pour l'\u00e9cole de b\u00e9n\u00e9ficier de soutiens.<\/p>\n<\/div>\n<\/div>\n<\/div>\n<\/div>\n<\/div>\n<\/div>\n<\/div>\n<\/div>\n<\/div><\/div><\/div><\/div><div id=\"pg-94-1\"  class=\"panel-grid panel-no-style\" ><div id=\"pgc-94-1-0\"  class=\"panel-grid-cell\" ><div id=\"panel-94-1-0-0\" class=\"so-panel widget widget_sow-editor panel-first-child panel-last-child\" data-index=\"1\" ><div\n\t\t\t\n\t\t\tclass=\"so-widget-sow-editor so-widget-sow-editor-base\"\n\t\t\t\n\t\t><h3 class=\"widget-title\">Pour quels avantages ?<\/h3>\n<div class=\"siteorigin-widget-tinymce textwidget\">\n\t<p>Les dispositions fiscales de la loi du 1er ao\u00fbt 2003 relative au m\u00e9c\u00e9nat permettent aux particuliers et entreprises de d\u00e9duire de leur imp\u00f4t 60% des sommes vers\u00e9es au titre du m\u00e9c\u00e9nat.<\/p>\n<p>Au-del\u00e0 de cet avantage fiscal, une entreprise peut b\u00e9n\u00e9ficier de contreparties de communication interessantes : association de votre logo \u00e0 nos supports de communication, invitations \u00e0 des concerts, prestations musicales\u2026 De plus, l'Ecole de Musique St-Thomas vous associera r\u00e9guli\u00e8rement \u00e0 son action culturelle, \u00e0 travers les concerts de la programmation annuelle, des invitations \u00e0 des master-classes, des r\u00e9p\u00e9titions g\u00e9n\u00e9rales... Au-del\u00e0 d'avantages de communication, c'est surtout l'opportunit\u00e9 de s'associer \u00e0 des valeurs \u00e9ducatives, sociales, culturelles et citoyennes :<\/p>\n<ul>\n<li>Epanouissement et confiance en soi\u00a0des enfants<\/li>\n<li>Int\u00e9gration dans le groupe via les ateliers collectifs<\/li>\n<li>Ouverture culturelle des enfants, mais aussi de leur famille<\/li>\n<li>Implication des familles dans le parcours artistique des enfants<\/li>\n<li>Contribution au dynamisme de la vie culturelle du territoire<\/li>\n<li>Cr\u00e9ation de lien social<\/li>\n<li>Apprentissage de la citoyennet\u00e9<\/li>\n<li>Animation de r\u00e9seaux d\u2019acteurs sur les territoires<\/li>\n<\/ul>\n<\/div>\n<\/div><\/div><\/div><\/div><div id=\"pg-94-2\"  class=\"panel-grid panel-no-style\" ><div id=\"pgc-94-2-0\"  class=\"panel-grid-cell\" ><div id=\"panel-94-2-0-0\" class=\"so-panel widget widget_sow-editor panel-first-child panel-last-child\" data-index=\"2\" ><div\n\t\t\t\n\t\t\tclass=\"so-widget-sow-editor so-widget-sow-editor-base\"\n\t\t\t\n\t\t><h3 class=\"widget-title\">Comment nous soutenir ?<\/h3>\n<div class=\"siteorigin-widget-tinymce textwidget\">\n\t<p>Plusieurs formes de soutien existent :<\/p>\n<ul>\n<li>Le don individuel en usant du bulletin t\u00e9l\u00e9chargeable <a href=\"http:\/\/em-st-thomas.fr\/?page_id=1289\">ici<\/a><\/li>\n<li>La co-\u00e9laboration, avec votre entreprise, d'un projet sp\u00e9cifique autour des actions de l'\u00e9cole<\/li>\n<li>Les apports en comp\u00e9tences ou nature sont les bienvenus, ils sont \u00e9galement consid\u00e9r\u00e9s comme du m\u00e9c\u00e9nat.<\/li>\n<\/ul>\n<p>Dans tous les cas, n'h\u00e9sitez pas \u00e0 nous contacter pour d\u00e9finir ensemble un projet qui vous corresponde.<\/p>\n<\/div>\n<\/div><\/div><\/div><\/div><\/div>","protected":false},"excerpt":{"rendered":"<p>Afin de continuer \u00e0 garantir une offre p\u00e9dagogique diversifi\u00e9e et de qualit\u00e9 qui contribue au d\u00e9veloppement des missions d&rsquo;enseignement de notre \u00e9cole de musique, mais aussi pour d\u00e9velopper l&rsquo;action culturelle \u00e0 travers de nouveaux partenariats, il est important pour l&rsquo;\u00e9cole de b\u00e9n\u00e9ficier de soutiens. Les dispositions fiscales de la loi du 1er ao\u00fbt 2003 relative&hellip; <br \/> <a class=\"read-more\" href=\"https:\/\/em-st-thomas.fr\/?page_id=94\">Lire la suite<\/a><\/p>\n","protected":false},"author":1,"featured_media":0,"parent":0,"menu_order":0,"comment_status":"closed","ping_status":"closed","template":"","meta":{"footnotes":""},"_links":{"self":[{"href":"https:\/\/em-st-thomas.fr\/index.php?rest_route=\/wp\/v2\/pages\/94"}],"collection":[{"href":"https:\/\/em-st-thomas.fr\/index.php?rest_route=\/wp\/v2\/pages"}],"about":[{"href":"https:\/\/em-st-thomas.fr\/index.php?rest_route=\/wp\/v2\/types\/page"}],"author":[{"embeddable":true,"href":"https:\/\/em-st-thomas.fr\/index.php?rest_route=\/wp\/v2\/users\/1"}],"replies":[{"embeddable":true,"href":"https:\/\/em-st-thomas.fr\/index.php?rest_route=%2Fwp%2Fv2%2Fcomments&post=94"}],"version-history":[{"count":44,"href":"https:\/\/em-st-thomas.fr\/index.php?rest_route=\/wp\/v2\/pages\/94\/revisions"}],"predecessor-version":[{"id":5389,"href":"https:\/\/em-st-thomas.fr\/index.php?rest_route=\/wp\/v2\/pages\/94\/revisions\/5389"}],"wp:attachment":[{"href":"https:\/\/em-st-thomas.fr\/index.php?rest_route=%2Fwp%2Fv2%2Fmedia&parent=94"}],"curies":[{"name":"wp","href":"https:\/\/api.w.org\/{rel}","templated":true}]}}