{"id":940,"date":"2018-07-04T22:55:45","date_gmt":"2018-07-04T20:55:45","guid":{"rendered":"http:\/\/testecolestthomas2.ddns.net\/wordpress\/?page_id=940"},"modified":"2023-06-26T15:53:34","modified_gmt":"2023-06-26T13:53:34","slug":"reglement-interieur","status":"publish","type":"page","link":"https:\/\/em-st-thomas.fr\/?page_id=940","title":{"rendered":"R\u00e8glement int\u00e9rieur"},"content":{"rendered":"<div id=\"pl-940\"  class=\"panel-layout\" ><div id=\"pg-940-0\"  class=\"panel-grid panel-no-style\" ><div id=\"pgc-940-0-0\"  class=\"panel-grid-cell\" ><div id=\"panel-940-0-0-0\" class=\"so-panel widget widget_sow-editor panel-first-child\" data-index=\"0\" ><div\n\t\t\t\n\t\t\tclass=\"so-widget-sow-editor so-widget-sow-editor-base\"\n\t\t\t\n\t\t>\n<div class=\"siteorigin-widget-tinymce textwidget\">\n\t<p>Le r\u00e8glement int\u00e9rieur ci-dessous est \u00e9galement consultable sur les panneaux d'affichage \u00e0 l'\u00e9cole. Chaque \u00e9l\u00e8ve et\/ou parent d'\u00e9l\u00e8ve doit en avoir pris connaissance au moment de l'inscription.<\/p>\n<\/div>\n<\/div><\/div><div id=\"panel-940-0-0-1\" class=\"so-panel widget widget_sow-editor panel-last-child\" data-index=\"1\" ><div\n\t\t\t\n\t\t\tclass=\"so-widget-sow-editor so-widget-sow-editor-base\"\n\t\t\t\n\t\t><h3 class=\"widget-title\">R\u00e8glement int\u00e9rieur<\/h3>\n<div class=\"siteorigin-widget-tinymce textwidget\">\n\t<p><img loading=\"lazy\" decoding=\"async\" class=\"alignnone size-medium wp-image-5575\" src=\"http:\/\/em-st-thomas.fr\/wp-content\/uploads\/2023\/06\/Reglement-interieur-EM-St-Thomas-2018-1-glissees.tiff\" alt=\"\" width=\"1\" height=\"1\" \/> <a href=\"https:\/\/em-st-thomas.fr\/wp-content\/uploads\/2023\/06\/Reglement-interieur-EM-St-Thomas-2018.pdf\" class=\"pdfemb-viewer\" style=\"\" data-width=\"max\" data-height=\"max\" data-toolbar=\"bottom\" data-toolbar-fixed=\"off\">R\u00e9glement int\u00e9rieur EM St-Thomas 2018<\/a><\/p>\n<\/div>\n<\/div><\/div><\/div><\/div><\/div>","protected":false},"excerpt":{"rendered":"<p>Le r\u00e8glement int\u00e9rieur ci-dessous est \u00e9galement consultable sur les panneaux d&rsquo;affichage \u00e0 l&rsquo;\u00e9cole. Chaque \u00e9l\u00e8ve et\/ou parent d&rsquo;\u00e9l\u00e8ve doit en avoir pris connaissance au moment de l&rsquo;inscription.<\/p>\n","protected":false},"author":1,"featured_media":0,"parent":0,"menu_order":0,"comment_status":"closed","ping_status":"closed","template":"","meta":{"footnotes":""},"_links":{"self":[{"href":"https:\/\/em-st-thomas.fr\/index.php?rest_route=\/wp\/v2\/pages\/940"}],"collection":[{"href":"https:\/\/em-st-thomas.fr\/index.php?rest_route=\/wp\/v2\/pages"}],"about":[{"href":"https:\/\/em-st-thomas.fr\/index.php?rest_route=\/wp\/v2\/types\/page"}],"author":[{"embeddable":true,"href":"https:\/\/em-st-thomas.fr\/index.php?rest_route=\/wp\/v2\/users\/1"}],"replies":[{"embeddable":true,"href":"https:\/\/em-st-thomas.fr\/index.php?rest_route=%2Fwp%2Fv2%2Fcomments&post=940"}],"version-history":[{"count":95,"href":"https:\/\/em-st-thomas.fr\/index.php?rest_route=\/wp\/v2\/pages\/940\/revisions"}],"predecessor-version":[{"id":5595,"href":"https:\/\/em-st-thomas.fr\/index.php?rest_route=\/wp\/v2\/pages\/940\/revisions\/5595"}],"wp:attachment":[{"href":"https:\/\/em-st-thomas.fr\/index.php?rest_route=%2Fwp%2Fv2%2Fmedia&parent=940"}],"curies":[{"name":"wp","href":"https:\/\/api.w.org\/{rel}","templated":true}]}}